{"id":32715,"date":"2018-12-06T21:58:46","date_gmt":"2018-12-06T21:58:46","guid":{"rendered":"https:\/\/farhomehostels.com\/?page_id=32715"},"modified":"2019-03-04T03:19:29","modified_gmt":"2019-03-04T03:19:29","slug":"cookies-policy","status":"publish","type":"page","link":"https:\/\/farhomehostels.com\/en\/cookies-policy\/","title":{"rendered":"Cookies Policy"},"content":{"rendered":"<p>[et_pb_section bb_built=&#8221;1&#8243;][et_pb_row][et_pb_column type=&#8221;4_4&#8243;][et_pb_text _builder_version=&#8221;3.19.18&#8243;]<\/p>\n<div id=\"clickdatos\">\n<h1>COOKIES POLICY<\/h1>\n<h2>1.- BACKGROUND<\/h2>\n<p>In accordance with the Spanish regulations governing the use of cookies in relation to the provision of electronic communications services, set out in Royal Decree Law 13\/2012 of March 30, we inform you about the cookies used on the website de (far home hostels, sl) and the reason for its use. Likewise, it informs you that by browsing the Website you are giving your consent to use them.<\/p>\n<h2>2.- WHAT ARE COOKIES?<\/h2>\n<p>A cookie is a file that is downloaded to your computer when you access certain web pages. Cookies allow a web page, among other things, to store and retrieve information about the browsing habits of a user or their equipment and, depending on the information they contain and the way they use their equipment, they can be used to recognize to user. The cookies are only associated with an anonymous user and their computer or device and do not provide references that allow knowing their personal data.<\/p>\n<\/div>\n<h2>3.- TYPES OF COOKIES<\/h2>\n<p>1.- Own cookies: They are those that are sent to the user&#8217;s terminal equipment from a computer or domain managed by the editor itself and from which the service is provided. Requested by the user.<\/p>\n<p>2.- Third-party cookies : Are those that are sent to the user&#8217;s terminal equipment from a computer or domain that is not managed by the editor, but by another entity that treats the data obtained through cookies.<\/p>\n<p>3.- Session cookies: These are a type of cookies designed to collect and store data while the user accesses a web page.<\/p>\n<p>4.- Persistent cookies: They are a type of cookies in which the data is still stored in the terminal and can be accessed and processed during a period defined by the person responsible for the cookie, which can go from a few minutes to several years.<\/p>\n<p>5.- Analytical cookies: those that are well treated by us or by third parties, allow us to quantify the number of users and thus perform the measurement and analysis. Statistical analysis of the use made by users of the service offered. To do this, we analyze your browsing on our website in order to improve the offer of products or services that we offer.<\/p>\n<p>6. &#8211; Advertising cookies: These are those that allow the management, in the most efficient way possible, of the advertising spaces that , where appropriate, the publisher has included in a web page, application or platform from which the requested service is provided based on criteria such as the edited content or the frequency in which the ads are displayed.<\/p>\n<p>7.- Behavioral advertising cookies : Are those that allow the management, in the most efficient way possible, of the advertising spaces that, if applicable, the editor has included in a web page, application or platform from which the requested service is provided. These cookies store information on the behavior of users obtained through the continuous observation of their browsing habits, which allows the development of a specific profile to display advertising based on it. It is also possible that when visiting a web page or when opening an email where an advertisement or promotion about our products or services is published, a cookie will be installed in your browser that will serve to show you later advertising related to the search you have made, develop a control of our ads in relation, for example, with the number of times they are seen, where they appear, what time they are seen, etc.<\/p>\n<p>\u00a0<\/p>\n<div id=\"clickdatos\">\n<h2><strong>4.- TYPES OF COOKIES USED BY THIS SITE WEB<\/strong><\/h2>\n<p>Las cookies used on our website, are session and third-party, and allow us to store and access information relating to the language, the type of browser used, and other general characteristics predefined by the user, as well as, follow and analyze the activity carried out, in order to introduce improvements and provide our services in a more efficient and personalized way. (far home hostels, sl) does not use advertising or behavioral advertising cookies.<\/p>\n<p>The use of cookies offers advantages in the provision of services within what is known as the information society, since, it facilitates the user navigation and access to the different services offered by this website; it prevents the user from having to configure the predefined general characteristics each time he accesses the website; favors the improvement of the operation and of the services provided through this website, after the corresponding analysis of the information obtained through the installed cookies.<\/p>\n<table>\n<tbody>\n<tr>\n<td width=\"78\"><strong>Name<\/strong><\/td>\n<td width=\"150\"><strong>Type<\/strong><\/td>\n<td width=\"134\"><strong>Expiration<\/strong><\/td>\n<td width=\"167\"><strong>Purpose<\/strong><\/td>\n<td width=\"70\"><strong>\u00a0Class<\/strong><\/td>\n<\/tr>\n<tr>\n<td width=\"78\">__utma<\/td>\n<td width=\"150\">From Third Parties (Google Analytics)<\/td>\n<td width=\"134\">2 years<\/td>\n<td width=\"167\">It is used to distinguish users and sessions.<\/td>\n<td width=\"70\">\u00a0No Exempt<\/td>\n<\/tr>\n<tr>\n<td width=\"78\">__utmb<\/td>\n<td width=\"150\">From Third Parties (Google Analytics)<\/td>\n<td width=\"134\">30 minutes<\/td>\n<td width=\"167\">It is used to determine new sessions or visits.<\/td>\n<td width=\"70\">\u00a0No Exempt<\/td>\n<\/tr>\n<tr>\n<td width=\"78\">__utmc<\/td>\n<td width=\"150\">From Third Parties (Google Analytics)<\/td>\n<td width=\"134\">At the end of the session<\/td>\n<td width=\"167\">It is configured for use with Urchin.<\/td>\n<td width=\"70\">\u00a0No Exempt<\/td>\n<\/tr>\n<tr>\n<td width=\"78\">__utmz<\/td>\n<td width=\"150\">From Third Parties (Google Analytics)<\/td>\n<td width=\"134\">6 months<\/td>\n<td width=\"167\">Stores the source or campaign that explains how the user has reached the web page.<\/td>\n<td width=\"70\">\u00a0No Exempt<\/td>\n<\/tr>\n<\/tbody>\n<\/table>\n<h2>5.- REVOCATION AND REMOVAL OF COOKIES<\/h2>\n<p>At any time you can access the configuration of your browser by accepting or rejecting all cookies, or select those whose installation is supported and which are not, following one of the following procedures, which depends on the browser you use:<\/p>\n<p>Google Chrome<br \/>(in the Tools Menu) Settings&gt; Show advanced options&gt; Privacy (Content Settings)&gt; Cookies<br \/>More information: <a href=\"https:\/\/support.google.com\/chrome\/answer\/95647?hl=es\">https:\/\/support.google.com\/chrome\/answer\/95647?hl=es\u00a0<\/a><\/p>\n<p>Microsoft Internet Explorer<br \/>(in the Tools Menu) Internet Options&gt; Privacy&gt; Advanced<br \/>More information: <a href=\"http:\/\/windows.microsoft.com\/es-es\/internet-explorer\/delete-manage-cookies#ie=ie-9\">http:\/\/windows.microsoft.com\/es-es\/internet-explorer\/delete-manage-cookies#ie=ie-9\u00a0<\/a><\/p>\n<p><strong>Firefox<\/strong><br \/>Options &gt; Privacy &gt; Cookies<br \/>More information: <a href=\"http:\/\/support.mozilla.org\/es\/kb\/habilitar-y-deshabilitar-cookies-que-los-sitios-we\">http:\/\/support.mozilla.org\/es\/kb\/habilitar-y-deshabilitar-cookies-que-los-sitios-we\u00a0<\/a><\/p>\n<p><strong>Safari , iPad e iPhone<\/strong><br \/>Preferences &gt; Privacy<br \/>More information: <a href=\"http:\/\/www.apple.com\/es\/privacy\/use-of-cookies\/\">http:\/\/www.apple.com\/es\/privacy\/use-of-cookies\/\u00a0<\/a><\/p>\n<p><strong>Opera<\/strong><br \/>Settings &gt; Options &gt; Advanced &gt; Cookies<br \/>More informati\u00f3n: <a class=\"broken_link\" href=\"http:\/\/help.opera.com\/Linux\/10.60\/es-ES\/cookies.html\">http:\/\/help.opera.com\/Linux\/10.60\/es-ES\/cookies.html\u00a0<\/a><\/p>\n<h2><strong>6.- TERCEROS PRESTADORES DE SERVICIOS<\/strong><\/h2>\n<p>In particular, the third party service providers with whom we have contracted a service for which the use of cookies is necessary are:<\/p>\n<table>\n<tbody>\n<tr>\n<td width=\"132\"><strong>Provider<\/strong><\/td>\n<td width=\"230\">Purpose of the Service and the Cookie<\/td>\n<td width=\"247\">Supplier Information<\/td>\n<\/tr>\n<tr>\n<td width=\"132\">GOOGLE Inc.<\/td>\n<td width=\"230\">Statistical analysis of the website at the level of posting visitors, pages visited, keywords used and the like<\/td>\n<td width=\"247\">http:\/\/www.google.es\/intl\/es\/policies\/privacy\/<\/td>\n<\/tr>\n<\/tbody>\n<\/table>\n<\/div>\n<p>[\/et_pb_text][\/et_pb_column][\/et_pb_row][\/et_pb_section]<\/p>\n","protected":false},"excerpt":{"rendered":"<p><div class=\"et_pb_row et_pb_row_0 et_pb_row_empty\">\n\t\t\t\t\n\t\t\t\t\n\t\t\t\t\n\t\t\t\t\n\t\t\t\t\n\t\t\t<\/div> COOKIES POLICY1.- BACKGROUNDIn accordance with the Spanish regulations governing the use of cookies in relation to the provision of electronic communications services, set out in Royal Decree Law 13\/2012 of March 30, we inform you about the cookies used on the website de (far home hostels, sl) and the reason for its use. Likewise, [&hellip;]<\/p>\n","protected":false},"author":1,"featured_media":0,"parent":0,"menu_order":0,"comment_status":"closed","ping_status":"closed","template":"","meta":{"_et_pb_use_builder":"on","_et_pb_old_content":"<div id=\"clickdatos\"><h1>Pol\u00edtica de Cookies<\/h1><p>En la web <a href=\"http:\/\/nuevaweb.farhomehostels.com\" target=\"_blank\" rel=\"nofollow noopener noreferrer\">http:\/\/nuevaweb.farhomehostels.com<\/a> utilizamos cookies para facilitar la relaci\u00f3n de los visitantes con nuestro contenido y para permitir elaborar estad\u00edsticas sobre las visitantes que recibimos.<\/p><p>En cumplimiento de la Directiva 2009\/136\/CE, desarrollada en nuestro ordenamiento por el apartado segundo del art\u00edculo 22 de la Ley de Servicios de Sociedad de la Informaci\u00f3n, siguiendo las directrices de la Agencia Espa\u00f1ola de Protecci\u00f3n de Datos, procedemos a informarle detalladamente del uso que se realiza en nuestra web.<\/p><p>Se denominan cookies a unos peque\u00f1os archivos que se graban en el navegador utilizado por cada visitante de nuestra web para que el servidor pueda recordar la visita de ese usuario con posterioridad cuando vuelva a acceder a nuestros contenidos. Esta informaci\u00f3n no revela su identidad, ni dato personal alguno, ni accede al contenido almacenado en su pc, pero s\u00ed que permite a nuestro sistema identificarle a usted como un usuario determinado que ya visit\u00f3 la web con anterioridad, visualiz\u00f3 determinadas p\u00e1ginas, etc. y adem\u00e1s permite guardar sus preferencias personales e informaci\u00f3n t\u00e9cnica como por ejemplo las visitas realizadas o p\u00e1ginas concretas que visite.<\/p><p>La finalidad de las cookies es la de facilitar al Usuario un acceso m\u00e1s r\u00e1pido a los Servicios seleccionados.<\/p><p>Si no desea que se guarden cookies en su navegador o prefiere recibir una informaci\u00f3n cada vez que una cookie solicite instalarse, puede configurar sus opciones de navegaci\u00f3n para que se haga de esa forma. La mayor parte de los navegadores permiten la gesti\u00f3n de las cookies de 3 formas diferentes:<\/p><ul><li>Las cookies son siempre rechazadas;<\/li><li>El navegador pregunta si el usuario desea instalar cada cookie;<\/li><li>Las cookies son siempre aceptadas;<\/li><\/ul><p>Su navegador tambi\u00e9n puede incluir la posibilidad de seleccionar con detalle las cookies que desea que se instalen en su ordenador. En concreto, el usuario puede normalmente aceptar alguna de las siguientes opciones:<\/p><ul><li>rechazar las cookies de determinados dominios;<\/li><li>rechazar las cookies de terceros;<\/li><li>aceptar cookies como no persistentes (se eliminan cuando el navegador se cierra);<\/li><li>permitir al servidor crear cookies para un dominio diferente.<\/li><\/ul><p><strong>Para permitir, conocer, bloquear o eliminar las cookies instaladas en su equipo puede hacerlo mediante la configuraci\u00f3n de las opciones del navegador instalado en su ordenador.<\/strong><\/p><p>Puede encontrar informaci\u00f3n sobre c\u00f3mo configurar los navegadores m\u00e1s usados en las siguientes ubicaciones:<\/p><ul><li><strong>Internet Explorer<\/strong>: Herramientas -> Opciones de Internet\u00a0-> Privacidad\u00a0-> Configuraci\u00f3n. Para m\u00e1s informaci\u00f3n, puede consultar el\u00a0<a href=\"http:\/\/windows.microsoft.com\/es-ES\/windows\/support\" target=\"_blank\" rel=\"nofollow noopener noreferrer\">soporte de Microsoft<\/a>\u00a0o la Ayuda del navegador.<\/li><li><strong>Firefox<\/strong>: Herramientas\u00a0-> Opciones\u00a0-> Privacidad\u00a0-> Historial\u00a0-> Configuraci\u00f3n Personalizada. Para m\u00e1s informaci\u00f3n, puede consultar el\u00a0<a href=\"http:\/\/support.mozilla.org\/es\/home\" target=\"_blank\" rel=\"nofollow noopener noreferrer\">soporte de Mozilla<\/a>\u00a0o la Ayuda del navegador.<\/li><li><strong>Chrome<\/strong>: Configuraci\u00f3n\u00a0-> Mostrar opciones avanzadas\u00a0-> Privacidad\u00a0-> Configuraci\u00f3n de contenido. Para m\u00e1s informaci\u00f3n, puede consultar el\u00a0<a href=\"http:\/\/support.google.com\/chrome\/?hl=es\" target=\"_blank\" rel=\"nofollow noopener noreferrer\">soporte de Google<\/a>\u00a0o la Ayuda del navegador.<\/li><li><strong>Safari<\/strong>: Preferencias\u00a0-> Seguridad. Para m\u00e1s informaci\u00f3n, puede consultar el\u00a0<a href=\"http:\/\/www.apple.com\/es\/support\/safari\/\" target=\"_blank\" rel=\"nofollow noopener noreferrer\">soporte de Apple<\/a>\u00a0o la Ayuda del navegador.<\/li><\/ul><p>Respecto de las cookies de terceros, es decir aquellas que son ajenas a nuestro sitio web, no podemos hacernos responsables del contenido y veracidad de las pol\u00edticas de privacidad que ellos incluyen por lo que la informaci\u00f3n que le ofrecemos es siempre con referencia a la fuente.<\/p><p>A continuaci\u00f3n le informamos detalladamente de las cookies que pueden instalarse desde nuestro sitio web. En funci\u00f3n de su navegaci\u00f3n podr\u00e1n instalarse todas o s\u00f3lo algunas de ellas.<\/p><p>\u00a0<\/p><div id=\"listadodecookies\"><table style=\"border: 1px solid black;\"><tbody><tr align=\"center\"><td style=\"border: 1px solid black;\">Nombre<\/td><td style=\"border: 1px solid black;\">Categoria<\/td><td style=\"border: 1px solid black;\">Descripci\u00f3n<\/td><td style=\"border: 1px solid black;\">Propiedad<\/td><td style=\"border: 1px solid black;\">Duraci\u00f3n<\/td><\/tr><tr id=\"wordpress_\" align=\"center\"><td style=\"border: 1px solid black;\">wordpress_<\/td><td style=\"border: 1px solid black;\">Funcionalidad<\/td><td style=\"border: 1px solid black;\">Se activa durante el login y guarda los detalles de autentificaci\u00f3n.<\/td><td style=\"border: 1px solid black;\">Propia<\/td><td style=\"border: 1px solid black;\">1 a\u00f1o<\/td><\/tr><tr id=\"wordpress_logged_in_\" align=\"center\"><td style=\"border: 1px solid black;\">wordpress_logged_in_<\/td><td style=\"border: 1px solid black;\">Funcionalidad<\/td><td style=\"border: 1px solid black;\">Se activa durante el login y guarda los detalles de autentificaci\u00f3n.<\/td><td style=\"border: 1px solid black;\">Propia<\/td><td style=\"border: 1px solid black;\">1 a\u00f1o<\/td><\/tr><tr id=\"wordpress_test_cookie\" align=\"center\"><td style=\"border: 1px solid black;\">wordpress_test_cookie<\/td><td style=\"border: 1px solid black;\">Funcionalidad<\/td><td style=\"border: 1px solid black;\">Se activa durante el login y guarda los detalles de autentificaci\u00f3n.<\/td><td style=\"border: 1px solid black;\">Propia<\/td><td style=\"border: 1px solid black;\">1 a\u00f1o<\/td><\/tr><tr id=\"wp-settings-\" align=\"center\"><td style=\"border: 1px solid black;\">wp-settings-<\/td><td style=\"border: 1px solid black;\">Funcionalidad<\/td><td style=\"border: 1px solid black;\">Sirve para personalizar la Interfaz de Usuario.<\/td><td style=\"border: 1px solid black;\">Propia<\/td><td style=\"border: 1px solid black;\">1 a\u00f1o<\/td><\/tr><tr id=\"wp-settings-time-\" align=\"center\"><td style=\"border: 1px solid black;\">wp-settings-time-<\/td><td style=\"border: 1px solid black;\">Funcionalidad<\/td><td style=\"border: 1px solid black;\">Sirve para personalizar la Interfaz de Usuario.<\/td><td style=\"border: 1px solid black;\">Propia<\/td><td style=\"border: 1px solid black;\">Finalizaci\u00f3n de la sesi\u00f3n<\/td><\/tr><tr id=\"wp-saving-post\" align=\"center\"><td style=\"border: 1px solid black;\">wp-saving-post<\/td><td style=\"border: 1px solid black;\">Funcionalidad<\/td><td style=\"border: 1px solid black;\">Desconocemos el origen de la cookie<\/td><td style=\"border: 1px solid black;\">Terceros<\/td><td style=\"border: 1px solid black;\">Desconocemos el origen de la cookie<\/td><\/tr><tr id=\"wfwaf-authcookie-93de68931ed00b596c35476a54899ebf\" align=\"center\"><td style=\"border: 1px solid black;\">wfwaf-authcookie-93de68931ed00b596c35476a54899ebf<\/td><td style=\"border: 1px solid black;\">Funcionalidad<\/td><td style=\"border: 1px solid black;\">Desconocemos el origen de la cookie<\/td><td style=\"border: 1px solid black;\">Terceros<\/td><td style=\"border: 1px solid black;\">Desconocemos el origen de la cookie<\/td><\/tr><tr id=\"et-pb-recent-items-colors\" align=\"center\"><td style=\"border: 1px solid black;\">et-pb-recent-items-colors<\/td><td style=\"border: 1px solid black;\">Funcionalidad<\/td><td style=\"border: 1px solid black;\">Desconocemos el origen de la cookie<\/td><td style=\"border: 1px solid black;\">Terceros<\/td><td style=\"border: 1px solid black;\">Desconocemos el origen de la cookie<\/td><\/tr><\/tbody><\/table><\/div><p>Se puede modificar esta Pol\u00edtica de Cookies en funci\u00f3n de exigencias legislativas, reglamentarias, o con la finalidad de adaptar dicha pol\u00edtica a las instrucciones dictadas por la Agencia Espa\u00f1ola de Protecci\u00f3n de Datos, por ello se aconseja a los Usuarios que la visiten peri\u00f3dicamente.<\/p><p>Cuando se produzcan cambios significativos en esta Pol\u00edtica de Cookies, se comunicar\u00e1n a los Usuarios bien mediante la web o a trav\u00e9s de correo electr\u00f3nico a los Usuarios registrados.<\/p><\/div>","_et_gb_content_width":"","footnotes":"","_joinchat":[]},"_links":{"self":[{"href":"https:\/\/farhomehostels.com\/en\/wp-json\/wp\/v2\/pages\/32715"}],"collection":[{"href":"https:\/\/farhomehostels.com\/en\/wp-json\/wp\/v2\/pages"}],"about":[{"href":"https:\/\/farhomehostels.com\/en\/wp-json\/wp\/v2\/types\/page"}],"author":[{"embeddable":true,"href":"https:\/\/farhomehostels.com\/en\/wp-json\/wp\/v2\/users\/1"}],"replies":[{"embeddable":true,"href":"https:\/\/farhomehostels.com\/en\/wp-json\/wp\/v2\/comments?post=32715"}],"version-history":[{"count":0,"href":"https:\/\/farhomehostels.com\/en\/wp-json\/wp\/v2\/pages\/32715\/revisions"}],"wp:attachment":[{"href":"https:\/\/farhomehostels.com\/en\/wp-json\/wp\/v2\/media?parent=32715"}],"curies":[{"name":"wp","href":"https:\/\/api.w.org\/{rel}","templated":true}]}}