{"id":32713,"date":"2019-03-03T17:17:21","date_gmt":"2019-03-03T17:17:21","guid":{"rendered":"https:\/\/farhomehostels.com\/?page_id=32713"},"modified":"2019-03-04T03:19:47","modified_gmt":"2019-03-04T03:19:47","slug":"legal-advice","status":"publish","type":"page","link":"https:\/\/farhomehostels.com\/en\/legal-advice\/","title":{"rendered":"Legal Advice"},"content":{"rendered":"<p>[et_pb_section bb_built=&#8221;1&#8243;][et_pb_row][et_pb_column type=&#8221;4_4&#8243;][et_pb_text _builder_version=&#8221;3.19.18&#8243;]<\/p>\n<h1>LEGAL ADVICE<\/h1>\n<p>In order to comply with Article 10 of Law 34\/2002 on Services of the Information Society and Electronic Commerce, we inform the user of our data:<\/p>\n<p>Business Name of the Company: Far Home Hostels SL<br \/>Owner&#8217;s Name: Far Home Hostels<br \/>Domestic Society: Doctor Cortezo, 15<br \/>Population: Madrid<br \/>Province: Madrid<br \/>C.P.: 28012<br \/>C.I.F.\/D.N.I.: B87248001<br \/>Contact Telephone: +34 91 369 46 94<br \/>Email: info@farmhomehostels.com<br \/>Registration date: Fecha inscripci\u00f3n: 25\/03\/2015 T 33316, F 20, S 8, H M 599597, I\/A 1<\/p>\n<h1>OBJECT<\/h1>\n<p>The provider, responsible for the website, makes available to users this document with which it intends to comply with the obligations set forth in Law 34\/2002, on Services of the Information Society and Electronic Commerce (LSSI-CE ), as well as informing all users of the website about what the conditions of use of the website are.<\/p>\n<p>Any person accessing this website assumes the role of user, committing to the observance and strict compliance with the provisions set forth herein. , as well as any other legal provision that was applicable.<\/p>\n<p>The provider reserves the right to modify any type of information that may appear on the website, without there being any obligation to pre-advise or inform the users of said obligations, understanding as enough with the publication on the provider&#8217;s website.<\/p>\n<h1>RESPONSABILITY<\/h1>\n<p>The provider disclaims any liability arising from the information published on its website, provided that this information has been manipulated or introduced by a third party outside the same.<\/p>\n<p>The website of the provider may use cookies (small files of information that the server sends to the computer of who accesses the page) to carry out certain functions that are considered essential for the proper functioning and visualization of the site. The cookies used on the website are, in any case, temporary in nature with the sole purpose of making their subsequent transmission more efficient and disappear when the user&#8217;s session ends. In no case will cookies be used to collect personal information.<\/p>\n<p>From the client&#8217;s website it is possible that it is redirected to third-party websites. Since the provider can not always control the contents introduced by third parties on their websites, it does not assume any responsibility for such content. In any case, the provider states that it will proceed to the immediate withdrawal of any content that may contravene national or international legislation, morality or public order, proceeding to the immediate withdrawal of the redirection to said website, informing the competent authorities the content in question.<\/p>\n<p><strong>The provider is not responsible for the information and stored content, by way of example but not limited to forums, chats, blog generators, comments, social networks or any other means that allows third parties to publish content independently on the provider&#8217;s website. However, and in compliance with the provisions of art. 11 and 16 of the LSSI-CE, the provider is made available to all users, authorities and security forces, and actively collaborating in the withdrawal or blocking of any content that could affect or contravene the legislation national, or international, rights of third parties or morality and public order. In the event that the user considers that there is any content on the website that could be susceptible to this classification, please notify the website administrator immediately.<\/strong><\/p>\n<p>This website has been reviewed and tested to work properly. In principle, the correct operation can be guaranteed 365 days a year, 24 hours a day. However, the provider does not rule out the possibility of certain programming errors, or that occur causes of force majeure, natural disasters, strikes, or similar circumstances that make it impossible to access the website.<\/p>\n<h1>INTELLECTUAL AND INDUSTRIAL PROPERTY<\/h1>\n<p>The website, including but not limited to its programming, editing, compilation and other elements necessary for its operation, the designs, logos, text and \/ or graphics are the property of the provider or, if applicable, have a license or express authorization by the authors. All the contents of the website are duly protected by the rules of intellectual and industrial property, as well as registered in the corresponding public records.<\/p>\n<p>Irrespective of the purpose for which they were intended, the total or partial reproduction, use, exploitation, distribution and marketing, requires in any case prior written authorization by the provider. Any use not previously authorized by the provider will be considered a serious breach of the rights of intellectual or industrial property of the author.<\/p>\n<p>The designs, logos, text and \/ or graphics outside the provider and that may appear on the website, belong to their respective owners, being themselves responsible for any possible controversy that may arise with respect to them. In any case, the provider has express and prior authorization from them.<\/p>\n<p>The provider DOES NOT expressly authorize third parties to redirect directly to the specific contents of the website, in any case redirecting to the main website of the provider.<\/p>\n<p>The provider recognizes the rights of industrial and intellectual property in favor of its owners, not implying their mere mention or appearance on the website the existence of rights or any responsibility of the provider over them, nor endorsement, sponsorship or recommendation by the party.<\/p>\n<p>To make any kind of observation regarding possible breaches of intellectual or industrial property rights, as well as any of the contents of the website, you can do so through the following email.<\/p>\n<p><strong>Veracity of the information.<\/strong><\/p>\n<p>All the information provided by the User must be truthful. For these purposes, the User guarantees the authenticity of the data communicated through the forms for the subscription of the Services. It will be the User&#8217;s responsibility to keep all the information provided to FAR HOME HOSTELS, S.L permanently updated so that it responds, at all times, to its real situation. In any case, the User will be solely responsible for false or inaccurate statements made and the damage caused to the provider or third parties.<\/p>\n<p><strong>Minors of age.<\/strong><\/p>\n<p>For the use of services, minors must always obtain the prior consent of parents, guardians or legal representatives, ultimately responsible for all acts performed by minors under their care. The responsibility in determining the specific content to which minors access corresponds to those, that is why if they access inappropriate content through the Internet, they will have to establish mechanisms in their computers, in particular computer programs, filters and blocks, which they allow to limit the available contents and, although they are not infallible, they are especially useful to control and restrict the materials to which minors can access.<\/p>\n<p><strong>Obligation to make correct use of the Website.<\/strong><\/p>\n<p>The User agrees to use the Website in accordance with the Law and this Legal Notice, as well as moral and good customs. For this purpose, the User shall refrain from using the page for illegal or prohibited purposes, which are harmful to the rights and interests of third parties, or which in any way may damage, disable, overload, deteriorate or prevent the normal use of computer equipment or documents, files and all kinds of contents stored on any computer equipment of the provider.<\/p>\n<p>In particular, and by way of indication but not exhaustive, the User undertakes not to transmit, disseminate or make available to third parties information, data, content, messages, graphics, drawings , sound or image files, photographs, recordings, software and, in general, any kind of material that:<\/p>\n<p>(a) is contrary, despises or violates fundamental rights and public freedoms recognized in the Constitution, international treaties and other regulations in force<\/p>\n<p>(b) induce, incite or promote criminal, demeaning, defamatory, violent or, in general, contrary to law, morals and public order,<\/p>\n<p>(c) induces, incites or promotes discriminatory actions, attitudes or thoughts because of sex, race, religion, beliefs, age or condition,<\/p>\n<p>(d) is contrary to the right to honor, personal or family privacy or the image of the people;<\/p>\n<p>(e) in any way prejudice the credibility of the provider or third parties; and<\/p>\n<p>(f) constitutes illicit, deceptive or disloyal advertising.<\/p>\n<h1>APPLICABLE LAW AND JURISDICTION<\/h1>\n<p>For the resolution of all disputes or issues related to this website or the activities developed therein, Spanish legislation will apply, to which they submit expressly the parties, being competent for the resolution of all conflicts arising or related to their use the Courts and Tribunals of MADRID.<\/p>\n<p>[\/et_pb_text][\/et_pb_column][\/et_pb_row][\/et_pb_section]<\/p>\n","protected":false},"excerpt":{"rendered":"<p><div class=\"et_pb_row et_pb_row_0 et_pb_row_empty\">\n\t\t\t\t\n\t\t\t\t\n\t\t\t\t\n\t\t\t\t\n\t\t\t\t\n\t\t\t<\/div> LEGAL ADVICEIn order to comply with Article 10 of Law 34\/2002 on Services of the Information Society and Electronic Commerce, we inform the user of our data:Business Name of the Company: Far Home Hostels SLOwner&#8217;s Name: Far Home HostelsDomestic Society: Doctor Cortezo, 15Population: MadridProvince: MadridC.P.: 28012C.I.F.\/D.N.I.: B87248001Contact Telephone: +34 91 369 46 94Email: info@farmhomehostels.comRegistration [&hellip;]<\/p>\n","protected":false},"author":1,"featured_media":0,"parent":0,"menu_order":0,"comment_status":"closed","ping_status":"closed","template":"","meta":{"_et_pb_use_builder":"on","_et_pb_old_content":"<p>\u00a0<\/p><div id=\"clickdatos\"><p>El presente Aviso Legal regula las condiciones generales de acceso y utilizaci\u00f3n del sitio web accesible en la direcci\u00f3n URL http:\/\/nuevaweb.farhomehostels.com (en adelante, el sitio web), que Far Home Hostels pone a disposici\u00f3n de los usuarios de Internet.<br \/>La utilizaci\u00f3n del sitio web implica la aceptaci\u00f3n plena y sin reservas de todas y cada una de las disposiciones incluidas en este Aviso Legal. En consecuencia, el usuario del sitio web debe leer atentamente el presente Aviso Legal en cada una de las ocasiones en que se proponga utilizar la web, ya que el texto podr\u00eda sufrir modificaciones a criterio del titular de la web, o a causa de un cambio legislativo, jurisprudencial o en la pr\u00e1ctica empresarial.<\/p><h2>1.- TITULARIDAD DEL SITIO WEB.<\/h2><p>Raz\u00f3n Social de la Empresa: Far Home Hostels SL<br \/>Nombre del titular: Far Home Hostels<br \/>Domicilio social: castellana 3<br \/>Poblaci\u00f3n: Madrid<br \/>Provincia: Madrid<br \/>C.P.: 28250<br \/>C.I.F.\/D.N.I.: 50717287<br \/>Tel\u00e9fono de contacto: 349111111<br \/>Correo electr\u00f3nico: info@farmhomehostels.com<br \/>Datos registrales: Datos registrales Far Home Hostels<\/p><h2>2.- OBJETO.<\/h2><p>El sitio web facilita a los usuarios del mismo el acceso a informaci\u00f3n y servicios prestados por Far Home Hostels a aquellas personas u organizaciones interesadas en los mismos.<\/p><h2>3.- ACCESO Y UTILIZACI\u00d3N DE LA WEB.<\/h2><p>3.1.- Car\u00e1cter gratuito del acceso y utilizaci\u00f3n de la web.<br \/>El acceso a la web tiene car\u00e1cter gratuito para los usuarios de la misma.<br \/>3.2.- Registro de usuarios.<br \/>Con car\u00e1cter general el acceso y utilizaci\u00f3n de la web no exige la previa suscripci\u00f3n o registro de los usuarios de la misma.<\/p><h2>4.- CONTENIDOS DE LA WEB.<\/h2><p>El idioma utilizado por el titular en la web ser\u00e1 el castellano. Far Home Hostels no se responsabiliza de la no comprensi\u00f3n o entendimiento del idioma de la web por el usuario, ni de sus consecuencias.<br \/>Far Home Hostels podr\u00e1 modificar los contenidos sin previo aviso, as\u00ed como suprimir y cambiar \u00e9stos dentro de la web, como la forma en que se accede a \u00e9stos, sin justificaci\u00f3n alguna y libremente, no responsabiliz\u00e1ndose de las consecuencias que los mismos puedan ocasionar a los usuarios.<br \/>Se proh\u00edbe el uso de los contenidos de la web para promocionar, contratar o divulgar publicidad o informaci\u00f3n propia o de terceras personas sin la autorizaci\u00f3n de Far Home Hostels, ni remitir publicidad o informaci\u00f3n vali\u00e9ndose para ello de los servicios o informaci\u00f3n que se ponen a disposici\u00f3n de los usuarios, independientemente de si la utilizaci\u00f3n es gratuita o no.<br \/>Los enlaces o hiperenlaces que incorporen terceros en sus p\u00e1ginas web, dirigidos a esta web, ser\u00e1n para la apertura de la p\u00e1gina web completa, no pudiendo manifestar, directa o indirectamente, indicaciones falsas, inexactas o confusas, ni incurrir en acciones desleales o il\u00edcitas en contra de Far Home Hostels<\/p><h2>5.- LIMITACI\u00d3N DE RESPONSABILIDAD.<\/h2><p>Tanto el acceso a la web como el uso inconsentido que pueda efectuarse de la informaci\u00f3n contenida en la misma es de la exclusiva responsabilidad de quien lo realiza. Far Home Hostels no responder\u00e1 de ninguna consecuencia, da\u00f1o o perjuicio que pudieran derivarse de dicho acceso o uso. Far Home Hostels no se hace responsable de los errores de seguridad, que se puedan producir ni de los da\u00f1os que puedan causarse al sistema inform\u00e1tico del usuario (hardware y software), o a los ficheros o documentos almacenados en el mismo, como consecuencia de:<br \/>\u2013 la presencia de un virus en el ordenador del usuario que sea utilizado para la conexi\u00f3n a los servicios y contenidos de la web,<br \/>\u2013 un mal funcionamiento del navegador,<br \/>\u2013 y\/o del uso de versiones no actualizadas del mismo.<br \/>Far Home Hostels no se hace responsable de la fiabilidad y rapidez de los hiperenlaces que se incorporen en la web para la apertura de otras. Far Home Hostels no garantiza la utilidad de estos enlaces, ni se responsabiliza de los contenidos o servicios a los que pueda acceder el usuario por medio de estos enlaces, ni del buen funcionamiento de estas webs.<br \/>Far Home Hostels no ser\u00e1 responsable de los virus o dem\u00e1s programas inform\u00e1ticos que deterioren o puedan deteriorar los sistemas o equipos inform\u00e1ticos de los usuarios al acceder a su web u otras webs a las que se haya accedido mediante enlaces de esta web.<\/p><h2>6.- EMPLEO DE LA TECNOLOG\u00edA \u201cCOOKIE\".<\/h2><p>La web no emplea cookies ni cualquier otro procedimiento invisible de recogida de informaci\u00f3n cuando el usuario navega por ella, respetando en todo momento la confidencialidad e intimidad del mismo.<br \/>*SI SE EMPLEAN COOKIES CONSULTAR COMUNICADO SOBRE USO DE COOKIES La web emplea cookies, puede consultar nuestra Pol\u00edtica de Cookies, que respeta en todo momento la confidencialidad e intimidad del mismo.<\/p><h2>7.- PROPIEDAD INTELECTUAL E INDUSTRIAL.<\/h2><p>Son propiedad de Far Home Hostels, todos los derechos de propiedad industrial e intelectual de la web, as\u00ed como de los contenidos que alberga. Cualquier uso de la web o sus contenidos deber\u00e1 tener un car\u00e1cter exclusivamente particular. Est\u00e1 reservado exclusivamente a \u2026\u2026\u2026., cualquier otro uso que suponga la copia, reproducci\u00f3n, distribuci\u00f3n, transformaci\u00f3n, comunicaci\u00f3n p\u00fablica o cualquier otra acci\u00f3n similar, de todo o parte de los contenidos de la web, por lo que ning\u00fan usuario podr\u00e1 llevar a cabo estas acciones sin la autorizaci\u00f3n previa y por escrito de Far Home Hostels<\/p><h2>\u00a08.- POL\u00cdTICA DE PRIVACIDAD Y PROTECCION DE DATOS<\/h2><p>Far Home Hostels garantiza la protecci\u00f3n y confidencialidad de los datos personales, de cualquier tipo que nos proporcionen nuestras empresas clientes de acuerdo con lo dispuesto en la Ley Org\u00e1nica 15\/1999, de 13 de Diciembre de Protecci\u00f3n de Datos de Car\u00e1cter Personal.<br \/>Todos los datos facilitados por nuestras empresas clientes a Far Home Hostels o a su personal, ser\u00e1n incluidos en un fichero automatizado de datos de car\u00e1cter personal creado y mantenido bajo la responsabilidad de Far Home Hostels, imprescindibles para prestar los servicios solicitados por los usuarios.<br \/>Los datos facilitados ser\u00e1n tratados seg\u00fan el Reglamento de Medidas de Seguridad (Real Decreto 1720\/2007 de 21 de Diciembre), en este sentido Far Home Hostels ha adoptado los niveles de protecci\u00f3n que legalmente se exigen, y ha instalado todas las medidas t\u00e9cnicas a su alcance para evitar la perdida, mal uso, alteraci\u00f3n, acceso no autorizado por terceros. No obstante, el usuario debe ser consciente de que las medidas de seguridad en Internet no son inexpugnables. En caso en que considere oportuno que se cedan sus datos de car\u00e1cter personal a otras entidades, el usuario ser\u00e1 informado de los datos cedidos, de la finalidad del fichero y del nombre y direcci\u00f3n del cesionario, para que de su consentimiento inequ\u00edvoco al respecto.<br \/>En cumplimiento de lo establecido en la RGPD, el usuario podr\u00e1 ejercer sus derechos de acceso, rectificaci\u00f3n, cancelaci\u00f3n y oposici\u00f3n. Para ello debe de contactar con nosotros en info@farmhomehostels.com<\/p><h2>9.- LEGISLACI\u00d3N APLICABLE Y JURISDICCI\u00d3N COMPETENTE.<\/h2><p>El presente Aviso Legal se interpretar\u00e1 y regir\u00e1 de conformidad con la legislaci\u00f3n espa\u00f1ola. Far Home Hostels y los usuarios, con renuncia expresa a cualquier otro fuero que pudiera corresponderles, se someten al de los juzgados y tribunales del domicilio del usuario para cualquier controversia que pudiera derivarse del acceso o uso de la web. En el caso de que el usuario tenga su domicilio fuera de Espa\u00f1a, Far Home Hostels y el usuario, se someten, con renuncia expresa a cualquier otro fuero, a los juzgados y tribunales del domicilio de Far Home Hostels<\/p><\/div>","_et_gb_content_width":"","footnotes":"","_joinchat":[]},"_links":{"self":[{"href":"https:\/\/farhomehostels.com\/en\/wp-json\/wp\/v2\/pages\/32713"}],"collection":[{"href":"https:\/\/farhomehostels.com\/en\/wp-json\/wp\/v2\/pages"}],"about":[{"href":"https:\/\/farhomehostels.com\/en\/wp-json\/wp\/v2\/types\/page"}],"author":[{"embeddable":true,"href":"https:\/\/farhomehostels.com\/en\/wp-json\/wp\/v2\/users\/1"}],"replies":[{"embeddable":true,"href":"https:\/\/farhomehostels.com\/en\/wp-json\/wp\/v2\/comments?post=32713"}],"version-history":[{"count":0,"href":"https:\/\/farhomehostels.com\/en\/wp-json\/wp\/v2\/pages\/32713\/revisions"}],"wp:attachment":[{"href":"https:\/\/farhomehostels.com\/en\/wp-json\/wp\/v2\/media?parent=32713"}],"curies":[{"name":"wp","href":"https:\/\/api.w.org\/{rel}","templated":true}]}}