{"id":32644,"date":"2018-12-06T21:58:46","date_gmt":"2018-12-06T21:58:46","guid":{"rendered":"https:\/\/farhomehostels.com\/politica-de-privacidad\/"},"modified":"2019-03-04T03:19:49","modified_gmt":"2019-03-04T03:19:49","slug":"privacy-policy","status":"publish","type":"page","link":"https:\/\/farhomehostels.com\/en\/privacy-policy\/","title":{"rendered":"Privacy Policy"},"content":{"rendered":"<p>[et_pb_section bb_built=&#8221;1&#8243;][et_pb_row][et_pb_column type=&#8221;4_4&#8243;][et_pb_text _builder_version=&#8221;3.19.18&#8243;]<\/p>\n<h1>Privacy Policy<\/h1>\n<p>In compliance with the provisions of the RGPD, we inform you that your data will be treated in our files, for the purpose of maintaining and fulfilling the relationship with our entity, including sending communications within the framework of the aforementioned relationship.<br \/>\nLikewise, your data will be assigned in all those cases in which it is necessary for the development, compliance and control of the relationship with our entity or in the cases in which it is authorized by a standard with the status of law. In compliance with the RGPD you can exercise your ARCO rights before Far Home Hostels, with address in Spanish 3, 28250 &#8211; Madrid, attaching a photocopy of your ID.<\/p>\n<p>The content of this communication, as well as that of all the attached documentation, is subject to the duty of secrecy and is addressed only to its addressee. In the event that you were not the addressee, we ask you to indicate it to us and not communicate its content to third parties, proceeding to its destruction.<\/p>\n<p>The service provider of the information society must take into account that, in addition to the information provided to the recipients of the service through its &#8220;Privacy Policy&#8221;, you must have additional legal texts related to other mandatory regulations , such as, without limiting or excluding, general conditions of contracting, intellectual and industrial property, conditions of use of the website and responsibilities in this regard, or what the Law 34\/2002, of July 11, of Services of the Information Society and Electronic Commerce can establish in any other precepts outside of its Article 10 or even complete the information that, in relation to it, is necessary<\/p>\n<p>[\/et_pb_text][\/et_pb_column][\/et_pb_row][\/et_pb_section]<\/p>\n","protected":false},"excerpt":{"rendered":"<p><div class=\"et_pb_row et_pb_row_0 et_pb_row_empty\">\n\t\t\t\t\n\t\t\t\t\n\t\t\t\t\n\t\t\t\t\n\t\t\t\t\n\t\t\t<\/div> Privacy Policy In compliance with the provisions of the RGPD, we inform you that your data will be treated in our files, for the purpose of maintaining and fulfilling the relationship with our entity, including sending communications within the framework of the aforementioned relationship. Likewise, your data will be assigned in all those cases [&hellip;]<\/p>\n","protected":false},"author":1,"featured_media":0,"parent":0,"menu_order":0,"comment_status":"closed","ping_status":"closed","template":"","meta":{"_et_pb_use_builder":"on","_et_pb_old_content":"<div id=\"clickdatos\"><h1>Pol\u00edtica de privacidad<\/h1><p>En cumplimiento de lo establecido en la RGPD, le informamos que sus datos ser\u00e1n tratados en nuestros ficheros, con la finalidad del mantenimiento y cumplimiento de la relaci\u00f3n con nuestra entidad, incluyendo el env\u00edo de comunicaciones en el marco de la citada relaci\u00f3n.<\/p><p>As\u00ed mismo, sus datos ser\u00e1n cedidos en todos aquellos casos en que sea necesario para el desarrollo, cumplimiento y control de la relaci\u00f3n con nuestra entidad o en los supuestos en que lo autorice una norma con rango de ley. En cumplimiento de la RGPD puede ejercitar sus derechos ARCO ante <strong>Far Home Hostels<\/strong>, con direcci\u00f3n en <strong>castellana 3, 28250 - Madrid<\/strong>, adjuntando fotocopia de su DNI.<\/p><p>El contenido de esta comunicaci\u00f3n, as\u00ed como el de toda la documentaci\u00f3n anexa, est\u00e1 sujeta al deber de secreto y va dirigida \u00fanicamente a su destinatario. En el supuesto de que usted no fuera el destinatario, le solicitamos que nos lo indique y no comunique su contenido a terceros, procediendo a su destrucci\u00f3n.<\/p><p>El prestador de servicios de la sociedad de la informaci\u00f3n deber\u00e1 tener en cuenta que, adem\u00e1s de la informaci\u00f3n que facilite a los destinatarios del servicio a trav\u00e9s de su \u201cPol\u00edtica de Privacidad\", deber\u00e1 disponer de textos legales adicionales relativos a otras normativas de obligado cumplimiento, tales como, sin car\u00e1cter limitativo o excluyente, condiciones generales de la contrataci\u00f3n, propiedad intelectual e industrial, condiciones de utilizaci\u00f3n de la p\u00e1gina web y responsabilidades al respecto, o lo que la propia Ley 34\/2002, de 11 de julio, de Servicios de la Sociedad de la Informaci\u00f3n y de Comercio Electr\u00f3nico pueda establecer en cualesquiera otros preceptos al margen de su art\u00edculo 10 o incluso completar la informaci\u00f3n que, en relaci\u00f3n a \u00e9ste, fuese necesaria.<\/p><\/div>","_et_gb_content_width":"","footnotes":"","_joinchat":[]},"_links":{"self":[{"href":"https:\/\/farhomehostels.com\/en\/wp-json\/wp\/v2\/pages\/32644"}],"collection":[{"href":"https:\/\/farhomehostels.com\/en\/wp-json\/wp\/v2\/pages"}],"about":[{"href":"https:\/\/farhomehostels.com\/en\/wp-json\/wp\/v2\/types\/page"}],"author":[{"embeddable":true,"href":"https:\/\/farhomehostels.com\/en\/wp-json\/wp\/v2\/users\/1"}],"replies":[{"embeddable":true,"href":"https:\/\/farhomehostels.com\/en\/wp-json\/wp\/v2\/comments?post=32644"}],"version-history":[{"count":0,"href":"https:\/\/farhomehostels.com\/en\/wp-json\/wp\/v2\/pages\/32644\/revisions"}],"wp:attachment":[{"href":"https:\/\/farhomehostels.com\/en\/wp-json\/wp\/v2\/media?parent=32644"}],"curies":[{"name":"wp","href":"https:\/\/api.w.org\/{rel}","templated":true}]}}