{"id":32508,"date":"2018-11-30T13:22:20","date_gmt":"2018-11-30T12:22:20","guid":{"rendered":"http:\/\/nuevaweb.farhomehostels.com\/quienes-somos"},"modified":"2023-01-30T19:22:08","modified_gmt":"2023-01-30T18:22:08","slug":"who-we-are","status":"publish","type":"page","link":"https:\/\/farhomehostels.com\/en\/who-we-are\/","title":{"rendered":"Who are we"},"content":{"rendered":"<p>[et_pb_section fb_built=&#8221;1&#8243; _builder_version=&#8221;4.14.8&#8243; background_video_mp4=&#8221;https:\/\/farhomehostels.com\/wp-content\/uploads\/budapest.mp4&#8243; custom_margin=&#8221;0px||||false|false&#8221; custom_padding=&#8221;0px||||false|false&#8221; da_disable_devices=&#8221;off|off|off&#8221; global_colors_info=&#8221;{}&#8221; da_is_popup=&#8221;off&#8221; da_exit_intent=&#8221;off&#8221; da_has_close=&#8221;on&#8221; da_alt_close=&#8221;off&#8221; da_dark_close=&#8221;off&#8221; da_not_modal=&#8221;on&#8221; da_is_singular=&#8221;off&#8221; da_with_loader=&#8221;off&#8221; da_has_shadow=&#8221;on&#8221;][et_pb_row _builder_version=&#8221;4.14.8&#8243; background_enable_video_mp4=&#8221;off&#8221; width=&#8221;100%&#8221; max_width=&#8221;100%&#8221; custom_margin=&#8221;0px||0px&#8221; custom_padding=&#8221;0px|0px|0|0px|false|false&#8221; use_custom_width=&#8221;on&#8221; width_unit=&#8221;off&#8221; custom_width_percent=&#8221;100%&#8221; locked=&#8221;off&#8221; global_colors_info=&#8221;{}&#8221;][et_pb_column type=&#8221;4_4&#8243; _builder_version=&#8221;4.14.8&#8243; custom_padding=&#8221;0px||0px||false|false&#8221; global_colors_info=&#8221;{}&#8221; custom_padding__hover=&#8221;|||&#8221;][et_pb_cta button_url=&#8221;\/hoteles-grupos-madrid\/&#8221; button_text=&#8221;Spaces for a new lifestyle&#8221; admin_label=&#8221;Espacios para un nuevo estilo de vida&#8221; _builder_version=&#8221;4.14.8&#8243; background_color=&#8221;RGBA(255,255,255,0)&#8221; custom_button=&#8221;on&#8221; button_text_size=&#8221;21px&#8221; button_text_color=&#8221;#444444&#8243; button_bg_color=&#8221;rgba(255,255,255,0.45)&#8221; button_border_width=&#8221;0&#8243; button_border_radius=&#8221;0&#8243; button_letter_spacing=&#8221;10px&#8221; button_font=&#8221;|600|||||||&#8221; button_use_icon=&#8221;off&#8221; button_alignment=&#8221;center&#8221; background_layout=&#8221;light&#8221; custom_padding=&#8221;300px||260px||false|false&#8221; custom_padding_tablet=&#8221;&#8221; custom_padding_phone=&#8221;60px||80px||false|false&#8221; custom_padding_last_edited=&#8221;on|phone&#8221; animation_style=&#8221;fade&#8221; animation_direction=&#8221;left&#8221; animation_duration=&#8221;2000ms&#8221; link_option_url=&#8221;\/hoteles-grupos-madrid\/&#8221; button_alignment_tablet=&#8221;center&#8221; button_alignment_phone=&#8221;left&#8221; button_alignment_last_edited=&#8221;on|desktop&#8221; global_colors_info=&#8221;{}&#8221;][\/et_pb_cta][\/et_pb_column][\/et_pb_row][\/et_pb_section][et_pb_section fb_built=&#8221;1&#8243; _builder_version=&#8221;4.14.8&#8243; custom_margin=&#8221;0px||||false|false&#8221; custom_padding=&#8221;0px||||false|false&#8221; da_disable_devices=&#8221;off|off|off&#8221; global_colors_info=&#8221;{}&#8221; da_is_popup=&#8221;off&#8221; da_exit_intent=&#8221;off&#8221; da_has_close=&#8221;on&#8221; da_alt_close=&#8221;off&#8221; da_dark_close=&#8221;off&#8221; da_not_modal=&#8221;on&#8221; da_is_singular=&#8221;off&#8221; da_with_loader=&#8221;off&#8221; da_has_shadow=&#8221;on&#8221;][et_pb_row _builder_version=&#8221;4.14.8&#8243; background_size=&#8221;initial&#8221; background_position=&#8221;top_left&#8221; background_repeat=&#8221;repeat&#8221; global_colors_info=&#8221;{}&#8221;][et_pb_column type=&#8221;4_4&#8243; _builder_version=&#8221;3.25&#8243; custom_padding=&#8221;|||&#8221; global_colors_info=&#8221;{}&#8221; custom_padding__hover=&#8221;|||&#8221;][et_pb_text _builder_version=&#8221;4.14.8&#8243; text_orientation=&#8221;center&#8221; global_colors_info=&#8221;{}&#8221;]<\/p>\n<h1>About us<\/h1>\n<p>[\/et_pb_text][et_pb_divider color=&#8221;#FEB902&#8243; _builder_version=&#8221;4.14.8&#8243; _module_preset=&#8221;default&#8221; width=&#8221;10%&#8221; module_alignment=&#8221;center&#8221; global_colors_info=&#8221;{}&#8221;][\/et_pb_divider][\/et_pb_column][\/et_pb_row][et_pb_row _builder_version=&#8221;4.14.8&#8243; background_size=&#8221;initial&#8221; background_position=&#8221;top_left&#8221; background_repeat=&#8221;repeat&#8221; custom_margin=&#8221;0px||||false|false&#8221; custom_padding=&#8221;0px||||false|false&#8221; global_colors_info=&#8221;{}&#8221;][et_pb_column type=&#8221;4_4&#8243; _builder_version=&#8221;3.25&#8243; custom_padding=&#8221;|||&#8221; global_colors_info=&#8221;{}&#8221; custom_padding__hover=&#8221;|||&#8221;][et_pb_image src=&#8221;https:\/\/farhomehostels.com\/wp-content\/uploads\/Team-Far-Home-january_2023-english.jpg&#8221; title_text=&#8221;Team Far Home january_2023 english&#8221; align_tablet=&#8221;center&#8221; align_phone=&#8221;&#8221; align_last_edited=&#8221;on|desktop&#8221; _builder_version=&#8221;4.14.9&#8243; custom_margin=&#8221;0px||||false|false&#8221; custom_padding=&#8221;0px||||false|false&#8221; hover_enabled=&#8221;0&#8243; z_index_tablet=&#8221;500&#8243; border_radii=&#8221;on|5px|5px|5px|5px&#8221; global_colors_info=&#8221;{}&#8221; sticky_enabled=&#8221;0&#8243;][\/et_pb_image][\/et_pb_column][\/et_pb_row][et_pb_row column_structure=&#8221;1_4,1_2,1_4&#8243; _builder_version=&#8221;4.14.8&#8243; background_size=&#8221;initial&#8221; background_position=&#8221;top_left&#8221; background_repeat=&#8221;repeat&#8221; custom_margin=&#8221;0px||||false|false&#8221; custom_padding=&#8221;0px||||false|false&#8221; global_colors_info=&#8221;{}&#8221;][et_pb_column type=&#8221;1_4&#8243; _builder_version=&#8221;3.25&#8243; custom_padding=&#8221;|||&#8221; global_colors_info=&#8221;{}&#8221; custom_padding__hover=&#8221;|||&#8221;][\/et_pb_column][et_pb_column type=&#8221;1_2&#8243; _builder_version=&#8221;3.25&#8243; custom_padding=&#8221;|||&#8221; global_colors_info=&#8221;{}&#8221; custom_padding__hover=&#8221;|||&#8221;][et_pb_video src=&#8221;https:\/\/farhomehostels.com\/wp-content\/uploads\/Video-portada-1.mp4&#8243; module_class=&#8221;lwp-video-autoplay&#8221; _builder_version=&#8221;4.14.7&#8243; _module_preset=&#8221;default&#8221; locked=&#8221;off&#8221; global_colors_info=&#8221;{}&#8221;][\/et_pb_video][et_pb_image src=&#8221;https:\/\/farhomehostels.com\/wp-content\/uploads\/fondo-claro.png&#8221; title_text=&#8221;fondo-claro&#8221; align=&#8221;center&#8221; align_tablet=&#8221;center&#8221; align_phone=&#8221;&#8221; align_last_edited=&#8221;on|phone&#8221; _builder_version=&#8221;4.14.7&#8243; locked=&#8221;off&#8221; global_colors_info=&#8221;{}&#8221;][\/et_pb_image][\/et_pb_column][et_pb_column type=&#8221;1_4&#8243; _builder_version=&#8221;3.25&#8243; custom_padding=&#8221;|||&#8221; global_colors_info=&#8221;{}&#8221; custom_padding__hover=&#8221;|||&#8221;][\/et_pb_column][\/et_pb_row][et_pb_row _builder_version=&#8221;4.14.8&#8243; background_size=&#8221;initial&#8221; background_position=&#8221;top_left&#8221; background_repeat=&#8221;repeat&#8221; custom_margin=&#8221;||100px||false|false&#8221; global_colors_info=&#8221;{}&#8221;][et_pb_column type=&#8221;4_4&#8243; _builder_version=&#8221;3.25&#8243; custom_padding=&#8221;|||&#8221; global_colors_info=&#8221;{}&#8221; custom_padding__hover=&#8221;|||&#8221;][et_pb_text _builder_version=&#8221;4.14.8&#8243; global_colors_info=&#8221;{}&#8221;]<\/p>\n<p><b>Far Home Group <\/b><span style=\"font-weight: 400;\">aims to provide comfort to our customers that enjoy &#8220;Living Traveling&#8221;.<\/span><\/p>\n<p><span style=\"font-weight: 400;\">The <\/span><b>Far Home Group Company<\/b><span style=\"font-weight: 400;\"> began its activity in 2011 with a small hotel located on Chinchilla street in Madrid.<\/span><\/p>\n<p><span style=\"font-weight: 400;\">Within <\/span><b>Far Home Group<\/b><span style=\"font-weight: 400;\"> we have two companies in the field of construction and projects:<\/span><\/p>\n<p><span style=\"font-weight: 400;\">Eytel Instalaciones T\u00e9cnicas S.L and Arquitecturas A22 S.L. Thanks to this, we have not stopped growing and creating new Hotel Spaces.<\/span><\/p>\n<p><span style=\"font-weight: 400;\">The soul of our team, made up of professionals from all fields, is to seek aesthetics and uniqueness through an optimal value for money that contributes to the renovation of the historic centers of cities, thus giving an opportunity to buildings that are difficult to revitalize.<\/span><\/p>\n<p><span style=\"font-weight: 400;\">Currently <\/span><b>Holding Far Home Group<\/b><span style=\"font-weight: 400;\"> is in the process of Expansion and already has projects in several European cities such as Vienna, Prague, and Budapest.<\/span><\/p>\n<p><b>Far Home Group<\/b><span style=\"font-weight: 400;\"> over the years experienced a Constant, Safe, and Sustainable Growth Process thanks to the experience and professionalism of Our Team.<\/span><\/p>\n<p><b>Far home Group<\/b><span style=\"font-weight: 400;\">, in its commitment to science, dedicates part of its profits to the promotion of young scientists, providing them with a place to exhibit, disseminate and present their projects, promoting subsequent dialogue and debate. All this around a good wine or <\/span><span style=\"font-weight: 400;\">a well-drawn beer.<\/span><\/p>\n<p>[\/et_pb_text][\/et_pb_column][\/et_pb_row][et_pb_row column_structure=&#8221;1_6,1_6,1_6,1_6,1_6,1_6&#8243; disabled_on=&#8221;on|on|on&#8221; _builder_version=&#8221;4.14.8&#8243; background_size=&#8221;initial&#8221; background_position=&#8221;top_left&#8221; background_repeat=&#8221;repeat&#8221; disabled=&#8221;on&#8221; global_colors_info=&#8221;{}&#8221;][et_pb_column type=&#8221;1_6&#8243; _builder_version=&#8221;3.25&#8243; custom_padding=&#8221;|||&#8221; global_colors_info=&#8221;{}&#8221; custom_padding__hover=&#8221;|||&#8221;][et_pb_team_member name=&#8221;Alejandro Farkavets&#8221; position=&#8221;Gerente y fundador de Grupo Far Home&#8221; image_url=&#8221;\/wp-content\/uploads\/alejandro-far-home-hostels-2.jpg&#8221; db_link_target=&#8221;on&#8221; _builder_version=&#8221;3.21.1&#8243; body_text_align=&#8221;center&#8221; body_font_size=&#8221;13&#8243; body_line_height=&#8221;1.6em&#8221; z_index_tablet=&#8221;500&#8243; border_radii_image=&#8221;|100%|100%|100%|100%&#8221; global_colors_info=&#8221;{}&#8221;]<\/p>\n<p>\nIngeniero T\u00e9cnico, graduado en la Universidad Polit\u00e9cnica de Lemberg.<\/p>\n<p>[\/et_pb_team_member][\/et_pb_column][et_pb_column type=&#8221;1_6&#8243; _builder_version=&#8221;3.25&#8243; custom_padding=&#8221;|||&#8221; global_colors_info=&#8221;{}&#8221; custom_padding__hover=&#8221;|||&#8221;][et_pb_team_member name=&#8221;Marius D. Zaivi&#8221; position=&#8221;Director&#8221; image_url=&#8221;\/wp-content\/uploads\/mario-2.jpg&#8221; db_link_target=&#8221;on&#8221; _builder_version=&#8221;3.21.1&#8243; body_text_align=&#8221;center&#8221; body_font_size=&#8221;13&#8243; body_line_height=&#8221;1.6em&#8221; z_index_tablet=&#8221;500&#8243; border_radii_image=&#8221;|100%|100%|100%|100%&#8221; global_colors_info=&#8221;{}&#8221;]<\/p>\n<p>Licenciado en Derecho, graduado en la Universidad Danubius Galati.<\/p>\n<p>[\/et_pb_team_member][\/et_pb_column][et_pb_column type=&#8221;1_6&#8243; _builder_version=&#8221;3.25&#8243; custom_padding=&#8221;|||&#8221; global_colors_info=&#8221;{}&#8221; custom_padding__hover=&#8221;|||&#8221;][et_pb_team_member name=&#8221;Daniel Ruiz Souza&#8221; position=&#8221;Arquitecto&#8221; image_url=&#8221;\/wp-content\/uploads\/daniel.jpg&#8221; db_link_target=&#8221;on&#8221; _builder_version=&#8221;3.21.1&#8243; body_text_align=&#8221;center&#8221; body_font_size=&#8221;13&#8243; body_line_height=&#8221;1.6em&#8221; z_index_tablet=&#8221;500&#8243; border_radii_image=&#8221;|100%|100%|100%|100%&#8221; global_colors_info=&#8221;{}&#8221;]M.D.I. por la E.T.S.A.M. y Director de A22arquitecturas<br \/>\n[\/et_pb_team_member][\/et_pb_column][et_pb_column type=&#8221;1_6&#8243; _builder_version=&#8221;3.25&#8243; custom_padding=&#8221;|||&#8221; global_colors_info=&#8221;{}&#8221; custom_padding__hover=&#8221;|||&#8221;][et_pb_team_member name=&#8221;Dimytro Klym&#8221; position=&#8221;Log\u00edstica&#8221; image_url=&#8221;\/wp-content\/uploads\/dimytri.jpg&#8221; db_link_target=&#8221;on&#8221; _builder_version=&#8221;3.29.3&#8243; body_text_align=&#8221;center&#8221; body_font_size=&#8221;13px&#8221; body_line_height=&#8221;1.6em&#8221; z_index_tablet=&#8221;500&#8243; border_radii_image=&#8221;|100%|100%|100%|100%&#8221; global_colors_info=&#8221;{}&#8221;]Log\u00edstica y Mantenimiento de Hostels ConCiencia. Ofim\u00e1tico, Poliglota, T\u00e9cnico de Operaciones Aeropuertarias.[\/et_pb_team_member][\/et_pb_column][et_pb_column type=&#8221;1_6&#8243; _builder_version=&#8221;3.25&#8243; custom_padding=&#8221;|||&#8221; global_colors_info=&#8221;{}&#8221; custom_padding__hover=&#8221;|||&#8221;][et_pb_team_member name=&#8221;Blagovesta Petrova&#8221; position=&#8221;Jefe de Recepci\u00f3n&#8221; image_url=&#8221;\/wp-content\/uploads\/blagui.jpg&#8221; db_link_target=&#8221;on&#8221; _builder_version=&#8221;3.29.3&#8243; body_text_align=&#8221;center&#8221; body_font_size=&#8221;13px&#8221; body_line_height=&#8221;1.6em&#8221; z_index_tablet=&#8221;500&#8243; border_radii_image=&#8221;|100%|100%|100%|100%&#8221; global_colors_info=&#8221;{}&#8221;]Graduada en Filologia Hispanica de la Universidad San Clemente de Ojrid Sofia, Bulgaria.[\/et_pb_team_member][\/et_pb_column][et_pb_column type=&#8221;1_6&#8243; _builder_version=&#8221;3.25&#8243; custom_padding=&#8221;|||&#8221; global_colors_info=&#8221;{}&#8221; custom_padding__hover=&#8221;|||&#8221;][et_pb_team_member name=&#8221;Renzo Pineda&#8221; position=&#8221;Director de grupos y eventos&#8221; image_url=&#8221;\/wp-content\/uploads\/Renzo.jpg&#8221; db_link_target=&#8221;on&#8221; _builder_version=&#8221;3.21.1&#8243; body_text_align=&#8221;center&#8221; body_font_size=&#8221;13px&#8221; body_line_height=&#8221;1.6em&#8221; z_index_tablet=&#8221;500&#8243; border_radii_image=&#8221;|100%|100%|100%|100%&#8221; global_colors_info=&#8221;{}&#8221;]<\/p>\n<p>\nLicenciado en Marketing y Publicidad<\/p>\n<p>[\/et_pb_team_member][\/et_pb_column][\/et_pb_row][\/et_pb_section][et_pb_section fb_built=&#8221;1&#8243; disabled_on=&#8221;off|off|off&#8221; admin_label=&#8221;Popup &#8211; #sample&#8221; module_id=&#8221;sample&#8221; module_class=&#8221;popup&#8221; _builder_version=&#8221;3.22&#8243; background_color=&#8221;rgba(0,0,0,0.8)&#8221; da_is_popup=&#8221;on&#8221; da_popup_slug=&#8221;sample&#8221; da_disable_devices=&#8221;off|off|off&#8221; global_colors_info=&#8221;{}&#8221; da_exit_intent=&#8221;off&#8221; da_has_close=&#8221;on&#8221; da_alt_close=&#8221;off&#8221; da_dark_close=&#8221;off&#8221; da_not_modal=&#8221;on&#8221; da_is_singular=&#8221;off&#8221; da_with_loader=&#8221;off&#8221; da_has_shadow=&#8221;on&#8221;][et_pb_row _builder_version=&#8221;3.25&#8243; global_colors_info=&#8221;{}&#8221;][et_pb_column type=&#8221;4_4&#8243; _builder_version=&#8221;3.25&#8243; custom_padding=&#8221;|||&#8221; global_colors_info=&#8221;{}&#8221; custom_padding__hover=&#8221;|||&#8221;][et_pb_text admin_label=&#8221;POP-UP RESERVAS&#8221; _builder_version=&#8221;4.14.8&#8243; text_text_color=&#8221;#ffffff&#8221; background_color=&#8221;rgba(0,0,0,0.77)&#8221; custom_padding=&#8221;40px|40px|40px|40px&#8221; custom_css_before=&#8221;#booking_widget form fieldset.inputs ol li.string input {||||    width: 50% \u00a1important;||||}&#8221; custom_css_main_element=&#8221;#booking_widget form fieldset.inputs ol li.string input {||||    width: 50% \u00a1important;||||}&#8221; custom_css_after=&#8221;#booking_widget form fieldset.inputs ol li.string input {||||    width: 50% \u00a1important;||||}&#8221; global_colors_info=&#8221;{}&#8221;]<\/p>\n<h4><span style=\"color: #ffffff;\">Make your reservation now at <\/span><span style=\"color: #feb902;\">Far Home Group!<\/span><\/h4>\n<p>\n<div class=\"wpcf7 no-js\" id=\"wpcf7-f32657-o1\" lang=\"es-ES\" dir=\"ltr\">\n<div class=\"screen-reader-response\"><p role=\"status\" aria-live=\"polite\" aria-atomic=\"true\"><\/p> <ul><\/ul><\/div>\n<form action=\"\/en\/wp-json\/wp\/v2\/pages\/32508#wpcf7-f32657-o1\" method=\"post\" class=\"wpcf7-form init\" aria-label=\"Formulario de contacto\" novalidate=\"novalidate\" data-status=\"init\">\n<div style=\"display: none;\">\n<input type=\"hidden\" name=\"_wpcf7\" value=\"32657\" \/>\n<input type=\"hidden\" name=\"_wpcf7_version\" value=\"5.9.4\" \/>\n<input type=\"hidden\" name=\"_wpcf7_locale\" value=\"es_ES\" \/>\n<input type=\"hidden\" name=\"_wpcf7_unit_tag\" value=\"wpcf7-f32657-o1\" \/>\n<input type=\"hidden\" name=\"_wpcf7_container_post\" value=\"0\" \/>\n<input type=\"hidden\" name=\"_wpcf7_posted_data_hash\" value=\"\" \/>\n<\/div>\n<div class=\"anchocompleto et_pb_row et_pb_row_1 et_pb_row_5col\" style=\"cursor: pointer\">\n\t<div class=\"et_pb_column et_pb_column_1_5 et_pb_column_1    et_pb_css_mix_blend_mode_passthrough\">\n\t\t<p><select  name=\"hotel\" class=\"wpcf7-form-control wpcf7-select wpcf7-validates-as-required wpcf7-not-valid seleccionarhotel\" aria-invalid=\"true\" aria-required=\"true\">\n <option value=\"farhomedirect\">Choose accommodation<\/option>\n <option value=\"farhomedirect\">Hostel Gran Via<\/option>\n <option value=\"hostalfarhomedirect\">Hostel Plaza Mayor<\/option>\n <option value=\"faratochadirect\">Hostel Atocha<\/option>\n <option value=\"farhomebernabeudirect\">Hostel Bernabeu<\/option>\n <option value=\"farhomedirect\">Apartments<\/option>\n <option value=\"hostalfarhomedirect\">Coliving<\/option>\n<\/select>\n\t\t<\/p>\n\t<\/div>\n\t<div class=\"et_pb_column et_pb_column_1_5 et_pb_column_2    et_pb_css_mix_blend_mode_passthrough\">\n\t\t<p><span class=\"wpcf7-form-control-wrap\" data-name=\"entrada\"><input class=\"wpcf7-form-control wpcf7-date wpcf7-validates-as-required wpcf7-validates-as-date\" min=\"2026-04-30\" aria-required=\"true\" aria-invalid=\"false\" placeholder=\"Check-in\" value=\"\" type=\"date\" name=\"entrada\" \/><\/span>\n\t\t<\/p>\n\t<\/div>\n\t<div class=\"et_pb_column et_pb_column_1_5 et_pb_column_3    et_pb_css_mix_blend_mode_passthrough\">\n\t\t<p><span class=\"wpcf7-form-control-wrap\" data-name=\"salida\"><input class=\"wpcf7-form-control wpcf7-date wpcf7-validates-as-required wpcf7-validates-as-date\" min=\"2026-05-01\" aria-required=\"true\" aria-invalid=\"false\" placeholder=\"Check-out\" value=\"\" type=\"date\" name=\"salida\" \/><\/span>\n\t\t<\/p>\n\t<\/div>\n\t<div class=\"et_pb_column et_pb_column_1_5 et_pb_column_4    et_pb_css_mix_blend_mode_passthrough\">\n\t\t<p><span class=\"wpcf7-form-control-wrap\" data-name=\"number_adults\"><input class=\"wpcf7-form-control wpcf7-number wpcf7-validates-as-required wpcf7-validates-as-number\" min=\"1\" max=\"10\" step=\"1\" aria-required=\"true\" aria-invalid=\"false\" placeholder=\"N\u00ba adults\" value=\"\" type=\"number\" name=\"number_adults\" \/><\/span>\n\t\t<\/p>\n\t<\/div>\n\t<div class=\"et_pb_column et_pb_column_1_5 et_pb_column_5    et_pb_css_mix_blend_mode_passthrough\">\n\t\t<p><input class=\"wpcf7-form-control wpcf7-submit has-spinner\" type=\"submit\" value=\"Search\" \/>\n\t\t<\/p>\n\t<\/div>\n<\/div><p style=\"display: none !important;\" class=\"akismet-fields-container\" data-prefix=\"_wpcf7_ak_\"><label>&#916;<textarea name=\"_wpcf7_ak_hp_textarea\" cols=\"45\" rows=\"8\" maxlength=\"100\"><\/textarea><\/label><input type=\"hidden\" id=\"ak_js_1\" name=\"_wpcf7_ak_js\" value=\"8\"\/><script>document.getElementById( \"ak_js_1\" ).setAttribute( \"value\", ( new Date() ).getTime() );<\/script><\/p><div class=\"wpcf7-response-output\" aria-hidden=\"true\"><\/div>\n<\/form>\n<\/div>\n[\/et_pb_text][\/et_pb_column][\/et_pb_row][\/et_pb_section]<\/p>\n","protected":false},"excerpt":{"rendered":"<p>About usFar Home Group aims to provide comfort to our customers that enjoy &#8220;Living Traveling&#8221;. The Far Home Group Company began its activity in 2011 with a small hotel located on Chinchilla street in Madrid. Within Far Home Group we have two companies in the field of construction and projects: Eytel Instalaciones T\u00e9cnicas S.L and [&hellip;]<\/p>\n","protected":false},"author":1,"featured_media":0,"parent":0,"menu_order":0,"comment_status":"closed","ping_status":"closed","template":"","meta":{"_et_pb_use_builder":"on","_et_pb_old_content":"","_et_gb_content_width":"","footnotes":"","_joinchat":[]},"_links":{"self":[{"href":"https:\/\/farhomehostels.com\/en\/wp-json\/wp\/v2\/pages\/32508"}],"collection":[{"href":"https:\/\/farhomehostels.com\/en\/wp-json\/wp\/v2\/pages"}],"about":[{"href":"https:\/\/farhomehostels.com\/en\/wp-json\/wp\/v2\/types\/page"}],"author":[{"embeddable":true,"href":"https:\/\/farhomehostels.com\/en\/wp-json\/wp\/v2\/users\/1"}],"replies":[{"embeddable":true,"href":"https:\/\/farhomehostels.com\/en\/wp-json\/wp\/v2\/comments?post=32508"}],"version-history":[{"count":12,"href":"https:\/\/farhomehostels.com\/en\/wp-json\/wp\/v2\/pages\/32508\/revisions"}],"predecessor-version":[{"id":37400,"href":"https:\/\/farhomehostels.com\/en\/wp-json\/wp\/v2\/pages\/32508\/revisions\/37400"}],"wp:attachment":[{"href":"https:\/\/farhomehostels.com\/en\/wp-json\/wp\/v2\/media?parent=32508"}],"curies":[{"name":"wp","href":"https:\/\/api.w.org\/{rel}","templated":true}]}}